{"id":2419,"date":"2024-09-12T08:58:00","date_gmt":"2024-09-12T06:58:00","guid":{"rendered":"https:\/\/klinikamojarodzina.pl\/?page_id=2419"},"modified":"2024-09-19T20:53:30","modified_gmt":"2024-09-19T18:53:30","slug":"reglamenty-i-umovy","status":"publish","type":"page","link":"https:\/\/klinikamojarodzina.pl\/uk\/reglamenty-i-umovy","title":{"rendered":"\u0420\u0435\u0433\u043b\u0430\u043c\u0435\u043d\u0442\u0438 \u0456 \u0443\u043c\u043e\u0432\u0438"},"content":{"rendered":"<p><strong>\u0420\u0435\u0433\u043b\u0430\u043c\u0435\u043d\u0442\u0438<\/strong><\/p>\n<ul>\n<li><a href=\"https:\/\/klinikamojarodzina.pl\/wp-content\/uploads\/2024\/09\/3.regulamin-uslug-medycznych-droga-elektroniczna.pdf\" target=\"_blank\" rel=\"noopener\">Regulamin s\u0301wiadczenia us\u0142ug medycznych droga\u0328 elektroniczna\u0328<\/a><\/li>\n<li><a href=\"https:\/\/klinikamojarodzina.pl\/wp-content\/uploads\/2024\/09\/regulamin-podmiotu-leczniczego.pdf\" target=\"_blank\" rel=\"noopener\">Regulamin Podmiotu Leczniczego<\/a><\/li>\n<li><a href=\"https:\/\/klinikamojarodzina.pl\/wp-content\/uploads\/2024\/09\/regulamin-sprzedazy.pdf\" target=\"_blank\" rel=\"noopener\">Regulamin sprzedaz\u0307y<\/a><\/li>\n<li><a href=\"https:\/\/klinikamojarodzina.pl\/wp-content\/uploads\/2024\/09\/regulamin-platnosci.pdf\" target=\"_blank\" rel=\"noopener\">Regulamin p\u0142atno\u015bci<\/a><\/li>\n<\/ul>\n<p><a href=\"https:\/\/klinikamojarodzina.pl\/wp-content\/uploads\/2024\/09\/prawa-i-obowiazki-pacjenta-1-1.pdf\" target=\"_blank\" rel=\"noopener\">Prawa i obowi\u0105zki pacjenta<\/a><\/p>\n","protected":false},"excerpt":{"rendered":"<p>\u0420\u0435\u0433\u043b\u0430\u043c\u0435\u043d\u0442\u0438 Regulamin s\u0301wiadczenia us\u0142ug medycznych droga\u0328 elektroniczna\u0328 Regulamin Podmiotu Leczniczego Regulamin sprzedaz\u0307y Regulamin p\u0142atno\u015bci Prawa i obowi\u0105zki pacjenta<\/p>\n","protected":false},"author":1,"featured_media":0,"parent":0,"menu_order":0,"comment_status":"closed","ping_status":"closed","template":"","meta":{"_acf_changed":false,"_themeisle_gutenberg_block_has_review":false,"_kad_post_transparent":"default","_kad_post_title":"default","_kad_post_layout":"default","_kad_post_sidebar_id":"","_kad_post_content_style":"default","_kad_post_vertical_padding":"default","_kad_post_feature":"","_kad_post_feature_position":"","_kad_post_header":false,"_kad_post_footer":false,"_kad_post_classname":"","footnotes":""},"class_list":["post-2419","page","type-page","status-publish","hentry"],"acf":[],"_links":{"self":[{"href":"https:\/\/klinikamojarodzina.pl\/uk\/wp-json\/wp\/v2\/pages\/2419","targetHints":{"allow":["GET"]}}],"collection":[{"href":"https:\/\/klinikamojarodzina.pl\/uk\/wp-json\/wp\/v2\/pages"}],"about":[{"href":"https:\/\/klinikamojarodzina.pl\/uk\/wp-json\/wp\/v2\/types\/page"}],"author":[{"embeddable":true,"href":"https:\/\/klinikamojarodzina.pl\/uk\/wp-json\/wp\/v2\/users\/1"}],"replies":[{"embeddable":true,"href":"https:\/\/klinikamojarodzina.pl\/uk\/wp-json\/wp\/v2\/comments?post=2419"}],"version-history":[{"count":4,"href":"https:\/\/klinikamojarodzina.pl\/uk\/wp-json\/wp\/v2\/pages\/2419\/revisions"}],"predecessor-version":[{"id":2851,"href":"https:\/\/klinikamojarodzina.pl\/uk\/wp-json\/wp\/v2\/pages\/2419\/revisions\/2851"}],"wp:attachment":[{"href":"https:\/\/klinikamojarodzina.pl\/uk\/wp-json\/wp\/v2\/media?parent=2419"}],"curies":[{"name":"wp","href":"https:\/\/api.w.org\/{rel}","templated":true}]}}